{"id":641,"date":"2024-05-10T14:06:08","date_gmt":"2024-05-10T12:06:08","guid":{"rendered":"https:\/\/www.objectifaune.fr\/?page_id=641"},"modified":"2024-07-09T09:18:35","modified_gmt":"2024-07-09T07:18:35","slug":"impression-des-photos","status":"publish","type":"page","link":"https:\/\/www.objectifaune.fr\/index.php\/impression-des-photos\/","title":{"rendered":"Impression des photos"},"content":{"rendered":"\n<pre class=\"wp-block-preformatted has-black-color has-very-light-gray-to-cyan-bluish-gray-gradient-background has-text-color has-background has-link-color wp-elements-c35d89cbd69bc769ed3c736dfaf79068\">Pour mes impressions photos, j'ai choisi 2 types de site<br><br>-<a href=\"http:\/\/www.photobox.fr\">photobox<\/a><br>-<a href=\"https:\/\/www.labophotos.fr\">labophoto<\/a><br><br>Je suis partisan d'imprimer ses photos (pas toutes, on est d'accord) car \u00e0 l'heure du num\u00e9rique, le papier a progressivement disparu pour n'\u00eatre plus qu'un simple fichier informatique perdu dans un fond de disque dur.<br>Et avec le temps, on accumule une quantit\u00e9 non n\u00e9gligeable de photos que l'on ne regarde plus.<br><br>J'ai connu l'\u00e9poque ou l'on d\u00e9posait sa pellicule chez un photographe et on attendait avec impatience le tirage sur papier. Et il en ressortait toujours un certain plaisir que l'on pouvait revoir \u00e0 souhait.<br><br>Je trouve que le tirage papier met en valeur la photo un peu comme un oeuvre d'art, un tableau de maitre n'a pas la m\u00eame saveur en photo et sur une toile. <br><br>Alors pour r\u00e9aliser les impressions, j'ai choisi deux entreprises.<br>L'une pour l'impression des album photo et l'autre pour les tableaux.<br><br>Pour les livres, j'ai retenu le site web <a href=\"http:\/\/www.photobox.fr\">http:\/\/www.photobox.fr<\/a> et pour les tableaux <a href=\"https:\/\/www.labophoto.fr\">https:\/\/www.labophoto.fr<\/a><\/pre>\n\n\n\n<pre class=\"wp-block-preformatted has-black-color has-very-light-gray-to-cyan-bluish-gray-gradient-background has-text-color has-background has-link-color wp-elements-f155a95274306de26e54c7528b3d5f6b\">Avant toute impression, il faut au pr\u00e9alable choisir la qualit\u00e9 de sa photo.<br>Lorsqu'on imprime une photo, si belle qu'elle soit \u00e0 l'\u00e9cran, risque de perdre en d\u00e9tail lors de l'impression et cela est d'autant plus vrai que le format est grand.<br><br>La premi\u00e8re \u00e9tape est de connaitre la r\u00e9solution de sa photo.<br>Pour une impression de qualit\u00e9, la r\u00e9solution doit \u00eatre de 300dpi (\u00e9tant le nombre de pixels par pouce). Si cette valeur de dpi est inf\u00e9rieure, l'image contiendra moins d'informations et donc moins de d\u00e9tails. (Inutile d'augmenter d'un point de vue num\u00e9rique la r\u00e9solution, cela n'ajoute pas du d\u00e9tails).<br><br>On peut acc\u00e9der aux informations de la photo de plusieurs fa\u00e7ons.<br>Depuis un logiciel photo de type DXO Photolab, LightRoom, PhotoShop, Gimp etc... ou via les informations.<br>En affichant les Exif de la photo (sous Mac Pomme-i ou Windows propri\u00e9t\u00e9s).<\/pre>\n\n\n<div class=\"wp-block-image\">\n<figure class=\"aligncenter size-full is-resized\"><img loading=\"lazy\" decoding=\"async\" width=\"800\" height=\"444\" src=\"https:\/\/www.objectifaune.fr\/wp-content\/uploads\/2024\/05\/Exit.png\" alt=\"information sur la r\u00e9solution de la photo pour d\u00e9finir l'impression.\" class=\"wp-image-673\" style=\"width:261px;height:auto\" srcset=\"https:\/\/www.objectifaune.fr\/wp-content\/uploads\/2024\/05\/Exit.png 800w, https:\/\/www.objectifaune.fr\/wp-content\/uploads\/2024\/05\/Exit-300x167.png 300w, https:\/\/www.objectifaune.fr\/wp-content\/uploads\/2024\/05\/Exit-768x426.png 768w\" sizes=\"auto, (max-width: 800px) 100vw, 800px\" \/><\/figure>\n<\/div>\n\n\n<pre class=\"wp-block-preformatted has-black-color has-very-light-gray-to-cyan-bluish-gray-gradient-background has-text-color has-background has-link-color wp-elements-48dca7a3b257617f89b4aaabf116d65e\">On peut donc lire que la photo a une r\u00e9solution de 300 dpi et 2338 pixels verticalement par 3507 pixels horizontalement.<br>Le profil couleur est du sRGB qui correspond \u00e0 l'espace colorim\u00e9trique. Il y a \u00e9galement d'autre profil comme le AdobeRGB qui pr\u00e9sente une plus grande dynamique dans les couleurs.<br>Mais n'\u00e9tant pas standardis\u00e9, il peut arriver d'avoir une diff\u00e9rence de couleur entre l'\u00e9cran et l'impression malgr\u00e9 une qualit\u00e9 sup\u00e9rieure.<br>Ce type de profil peut se r\u00e9gler directement au niveau du boitier ou sur le logiciel photo.<\/pre>\n\n\n\n<pre class=\"wp-block-preformatted has-black-color has-very-light-gray-to-cyan-bluish-gray-gradient-background has-text-color has-background has-link-color wp-elements-3560ce07fadc6a91345ee7dfa8410570\">Comment choisir la qualit\u00e9 d'impression ?<br>Une petite formule simple<br>-Tr\u00e8s haute qualit\u00e9 xPixel\/60 yPixel\/60<br>-Bonne qualit\u00e9 xPixel\/30 yPixel\/30<br><br>Exemple avec le cas des informations ci-dessus:<br>Si je pars sur une tr\u00e8s haute qualit\u00e9: 2238\/60=37,3 3507\/60=58,4<br>Je peux donc imprimer une photo ayant comme rapport 38cmx59cm<br><br>Si je pars sur une bonne qualit\u00e9: 2238\/30=74,6 3507\/30=116,4<br>Je peux donc imprimer une photo ayant comme rapport 75cmx117cm<br><br>En dessous de 30pixel\/cm2 l'impression ne devrait pas \u00eatre de grande qualit\u00e9.<\/pre>\n\n\n\n<pre class=\"wp-block-preformatted has-black-color has-very-light-gray-to-cyan-bluish-gray-gradient-background has-text-color has-background has-link-color wp-elements-d35ab319baba07fb2db51a25c9b8bfbd\">Les formats \u00e0 privil\u00e9gi\u00e9s<br>-RAW<br>-Tiff<br>-Jpeg (\u00e0 condition que celui-ci proviennent d'une conversion Raw en tr\u00e8s haute qualit\u00e9. Si on part sur un jpeg standard, la compression va se ressentir sur l'impression)<br><br><\/pre>\n\n\n\n<pre class=\"wp-block-preformatted has-black-color has-very-light-gray-to-cyan-bluish-gray-gradient-background has-text-color has-background has-link-color wp-elements-464426de5818f4e197c9697affdfe360\">Quel type de support pour l'impression ?<br>Sur ce point, il est difficile d'apporter une r\u00e9ponse puisque elle reste libre court aux d\u00e9sirs de chacun.<br>Dans le cadre de photo murale, j'appr\u00e9cie particuli\u00e8rement l'impression sur de l'aluminium (dibond). Cela donne un bel effet de photo murale et se marie parfaitement dans des d\u00e9cors moderne ou industriel. <br>Mais d'autres possibilit\u00e9s existent et cela rel\u00e8vent du go\u00fbt de chacun.<\/pre>\n\n\n\n<pre class=\"wp-block-preformatted has-black-color has-very-light-gray-to-cyan-bluish-gray-gradient-background has-text-color has-background has-link-color wp-elements-fd7ba57e864a13b87c46dc73f908816c\">En conclusion, les sites cit\u00e9s ci-dessus offrent des services de qualit\u00e9s en terme de support, d'impression et de livraison.<br>Lors de l'impression chez labophoto, j'ai \u00e9t\u00e9 livr\u00e9 en 72h dans un emballage parfaitement propre et prot\u00e9geant le produit. Ce que j'appr\u00e9cie en plus dans ce dernier est que c'est une entreprise fran\u00e7aise.<br>J'ai eu la m\u00eame satisfaction chez photobox et la cr\u00e9ation d'un livre photo sur leur site est tr\u00e8s intuitif et plaisant, on peut laisser libre court \u00e0 son imagination pour la conception.<\/pre>\n\n\n\n<pre class=\"wp-block-preformatted has-black-color has-very-light-gray-to-cyan-bluish-gray-gradient-background has-text-color has-background has-link-color wp-elements-ce32cc58a8773a9dc80395fc3e2736bb\">Pour voir quelques exemples de tirage photo c'est sur ce lien: <a href=\"https:\/\/www.objectifaune.fr\/index.php\/tirage-photo\/\">tirage photo<\/a><br><\/pre>\n","protected":false},"excerpt":{"rendered":"<p>Pour mes impressions photos, j&rsquo;ai choisi 2 types de site-photobox-labophotoJe suis partisan d&rsquo;imprimer ses photos (pas toutes, on est d&rsquo;accord) car \u00e0 l&rsquo;heure du num\u00e9rique, le papier a progressivement disparu pour n&rsquo;\u00eatre plus qu&rsquo;un simple fichier informatique perdu dans un fond de disque dur.Et avec le temps, on accumule une quantit\u00e9 non n\u00e9gligeable de photos [&hellip;]<\/p>\n","protected":false},"author":2,"featured_media":0,"parent":0,"menu_order":0,"comment_status":"closed","ping_status":"closed","template":"","meta":{"footnotes":""},"class_list":["post-641","page","type-page","status-publish","hentry","entry"],"yoast_head":"<!-- This site is optimized with the Yoast SEO plugin v27.5 - https:\/\/yoast.com\/product\/yoast-seo-wordpress\/ -->\n<title>Impression des photos - Un regard sur la nature<\/title>\n<meta name=\"description\" content=\"Comment imprimer ses photos ? quelques r\u00e8gles et conseils pour l&#039;impression des photos et la cr\u00e9ation de livre photo.\" \/>\n<meta name=\"robots\" content=\"index, follow, max-snippet:-1, max-image-preview:large, max-video-preview:-1\" \/>\n<link rel=\"canonical\" href=\"https:\/\/www.objectifaune.fr\/index.php\/impression-des-photos\/\" \/>\n<meta property=\"og:locale\" content=\"fr_FR\" \/>\n<meta property=\"og:type\" content=\"article\" \/>\n<meta property=\"og:title\" content=\"Impression des photos - Un regard sur la nature\" \/>\n<meta property=\"og:description\" content=\"Comment imprimer ses photos ? quelques r\u00e8gles et conseils pour l&#039;impression des photos et la cr\u00e9ation de livre photo.\" \/>\n<meta property=\"og:url\" content=\"https:\/\/www.objectifaune.fr\/index.php\/impression-des-photos\/\" \/>\n<meta property=\"og:site_name\" content=\"Un regard sur la nature\" \/>\n<meta property=\"article:modified_time\" content=\"2024-07-09T07:18:35+00:00\" \/>\n<meta property=\"og:image\" content=\"https:\/\/www.objectifaune.fr\/wp-content\/uploads\/2024\/05\/Exit.png\" \/>\n<meta name=\"twitter:card\" content=\"summary_large_image\" \/>\n<meta name=\"twitter:label1\" content=\"Dur\u00e9e de lecture estim\u00e9e\" \/>\n\t<meta name=\"twitter:data1\" content=\"1 minute\" \/>\n<script type=\"application\/ld+json\" class=\"yoast-schema-graph\">{\"@context\":\"https:\\\/\\\/schema.org\",\"@graph\":[{\"@type\":\"WebPage\",\"@id\":\"https:\\\/\\\/www.objectifaune.fr\\\/index.php\\\/impression-des-photos\\\/\",\"url\":\"https:\\\/\\\/www.objectifaune.fr\\\/index.php\\\/impression-des-photos\\\/\",\"name\":\"Impression des photos - Un regard sur la nature\",\"isPartOf\":{\"@id\":\"https:\\\/\\\/www.objectifaune.fr\\\/#website\"},\"primaryImageOfPage\":{\"@id\":\"https:\\\/\\\/www.objectifaune.fr\\\/index.php\\\/impression-des-photos\\\/#primaryimage\"},\"image\":{\"@id\":\"https:\\\/\\\/www.objectifaune.fr\\\/index.php\\\/impression-des-photos\\\/#primaryimage\"},\"thumbnailUrl\":\"https:\\\/\\\/www.objectifaune.fr\\\/wp-content\\\/uploads\\\/2024\\\/05\\\/Exit.png\",\"datePublished\":\"2024-05-10T12:06:08+00:00\",\"dateModified\":\"2024-07-09T07:18:35+00:00\",\"description\":\"Comment imprimer ses photos ? quelques r\u00e8gles et conseils pour l'impression des photos et la cr\u00e9ation de livre photo.\",\"breadcrumb\":{\"@id\":\"https:\\\/\\\/www.objectifaune.fr\\\/index.php\\\/impression-des-photos\\\/#breadcrumb\"},\"inLanguage\":\"fr-FR\",\"potentialAction\":[{\"@type\":\"ReadAction\",\"target\":[\"https:\\\/\\\/www.objectifaune.fr\\\/index.php\\\/impression-des-photos\\\/\"]}]},{\"@type\":\"ImageObject\",\"inLanguage\":\"fr-FR\",\"@id\":\"https:\\\/\\\/www.objectifaune.fr\\\/index.php\\\/impression-des-photos\\\/#primaryimage\",\"url\":\"https:\\\/\\\/www.objectifaune.fr\\\/wp-content\\\/uploads\\\/2024\\\/05\\\/Exit.png\",\"contentUrl\":\"https:\\\/\\\/www.objectifaune.fr\\\/wp-content\\\/uploads\\\/2024\\\/05\\\/Exit.png\",\"width\":800,\"height\":444},{\"@type\":\"BreadcrumbList\",\"@id\":\"https:\\\/\\\/www.objectifaune.fr\\\/index.php\\\/impression-des-photos\\\/#breadcrumb\",\"itemListElement\":[{\"@type\":\"ListItem\",\"position\":1,\"name\":\"Accueil\",\"item\":\"https:\\\/\\\/www.objectifaune.fr\\\/\"},{\"@type\":\"ListItem\",\"position\":2,\"name\":\"Impression des photos\"}]},{\"@type\":\"WebSite\",\"@id\":\"https:\\\/\\\/www.objectifaune.fr\\\/#website\",\"url\":\"https:\\\/\\\/www.objectifaune.fr\\\/\",\"name\":\"objectifaune\",\"description\":\"\",\"publisher\":{\"@id\":\"https:\\\/\\\/www.objectifaune.fr\\\/#\\\/schema\\\/person\\\/bbdca95880e44b4c023a82443e3ff23e\"},\"potentialAction\":[{\"@type\":\"SearchAction\",\"target\":{\"@type\":\"EntryPoint\",\"urlTemplate\":\"https:\\\/\\\/www.objectifaune.fr\\\/?s={search_term_string}\"},\"query-input\":{\"@type\":\"PropertyValueSpecification\",\"valueRequired\":true,\"valueName\":\"search_term_string\"}}],\"inLanguage\":\"fr-FR\"},{\"@type\":[\"Person\",\"Organization\"],\"@id\":\"https:\\\/\\\/www.objectifaune.fr\\\/#\\\/schema\\\/person\\\/bbdca95880e44b4c023a82443e3ff23e\",\"name\":\"christophe\",\"image\":{\"@type\":\"ImageObject\",\"inLanguage\":\"fr-FR\",\"@id\":\"https:\\\/\\\/secure.gravatar.com\\\/avatar\\\/9c6f9b8465b965e8affa3bec0b793174662d4390e99a3857bd8cc937449932cc?s=96&d=mm&r=g\",\"url\":\"https:\\\/\\\/secure.gravatar.com\\\/avatar\\\/9c6f9b8465b965e8affa3bec0b793174662d4390e99a3857bd8cc937449932cc?s=96&d=mm&r=g\",\"contentUrl\":\"https:\\\/\\\/secure.gravatar.com\\\/avatar\\\/9c6f9b8465b965e8affa3bec0b793174662d4390e99a3857bd8cc937449932cc?s=96&d=mm&r=g\",\"caption\":\"christophe\"},\"logo\":{\"@id\":\"https:\\\/\\\/secure.gravatar.com\\\/avatar\\\/9c6f9b8465b965e8affa3bec0b793174662d4390e99a3857bd8cc937449932cc?s=96&d=mm&r=g\"}}]}<\/script>\n<!-- \/ Yoast SEO plugin. -->","yoast_head_json":{"title":"Impression des photos - Un regard sur la nature","description":"Comment imprimer ses photos ? quelques r\u00e8gles et conseils pour l'impression des photos et la cr\u00e9ation de livre photo.","robots":{"index":"index","follow":"follow","max-snippet":"max-snippet:-1","max-image-preview":"max-image-preview:large","max-video-preview":"max-video-preview:-1"},"canonical":"https:\/\/www.objectifaune.fr\/index.php\/impression-des-photos\/","og_locale":"fr_FR","og_type":"article","og_title":"Impression des photos - Un regard sur la nature","og_description":"Comment imprimer ses photos ? quelques r\u00e8gles et conseils pour l'impression des photos et la cr\u00e9ation de livre photo.","og_url":"https:\/\/www.objectifaune.fr\/index.php\/impression-des-photos\/","og_site_name":"Un regard sur la nature","article_modified_time":"2024-07-09T07:18:35+00:00","og_image":[{"url":"https:\/\/www.objectifaune.fr\/wp-content\/uploads\/2024\/05\/Exit.png","type":"","width":"","height":""}],"twitter_card":"summary_large_image","twitter_misc":{"Dur\u00e9e de lecture estim\u00e9e":"1 minute"},"schema":{"@context":"https:\/\/schema.org","@graph":[{"@type":"WebPage","@id":"https:\/\/www.objectifaune.fr\/index.php\/impression-des-photos\/","url":"https:\/\/www.objectifaune.fr\/index.php\/impression-des-photos\/","name":"Impression des photos - Un regard sur la nature","isPartOf":{"@id":"https:\/\/www.objectifaune.fr\/#website"},"primaryImageOfPage":{"@id":"https:\/\/www.objectifaune.fr\/index.php\/impression-des-photos\/#primaryimage"},"image":{"@id":"https:\/\/www.objectifaune.fr\/index.php\/impression-des-photos\/#primaryimage"},"thumbnailUrl":"https:\/\/www.objectifaune.fr\/wp-content\/uploads\/2024\/05\/Exit.png","datePublished":"2024-05-10T12:06:08+00:00","dateModified":"2024-07-09T07:18:35+00:00","description":"Comment imprimer ses photos ? quelques r\u00e8gles et conseils pour l'impression des photos et la cr\u00e9ation de livre photo.","breadcrumb":{"@id":"https:\/\/www.objectifaune.fr\/index.php\/impression-des-photos\/#breadcrumb"},"inLanguage":"fr-FR","potentialAction":[{"@type":"ReadAction","target":["https:\/\/www.objectifaune.fr\/index.php\/impression-des-photos\/"]}]},{"@type":"ImageObject","inLanguage":"fr-FR","@id":"https:\/\/www.objectifaune.fr\/index.php\/impression-des-photos\/#primaryimage","url":"https:\/\/www.objectifaune.fr\/wp-content\/uploads\/2024\/05\/Exit.png","contentUrl":"https:\/\/www.objectifaune.fr\/wp-content\/uploads\/2024\/05\/Exit.png","width":800,"height":444},{"@type":"BreadcrumbList","@id":"https:\/\/www.objectifaune.fr\/index.php\/impression-des-photos\/#breadcrumb","itemListElement":[{"@type":"ListItem","position":1,"name":"Accueil","item":"https:\/\/www.objectifaune.fr\/"},{"@type":"ListItem","position":2,"name":"Impression des photos"}]},{"@type":"WebSite","@id":"https:\/\/www.objectifaune.fr\/#website","url":"https:\/\/www.objectifaune.fr\/","name":"objectifaune","description":"","publisher":{"@id":"https:\/\/www.objectifaune.fr\/#\/schema\/person\/bbdca95880e44b4c023a82443e3ff23e"},"potentialAction":[{"@type":"SearchAction","target":{"@type":"EntryPoint","urlTemplate":"https:\/\/www.objectifaune.fr\/?s={search_term_string}"},"query-input":{"@type":"PropertyValueSpecification","valueRequired":true,"valueName":"search_term_string"}}],"inLanguage":"fr-FR"},{"@type":["Person","Organization"],"@id":"https:\/\/www.objectifaune.fr\/#\/schema\/person\/bbdca95880e44b4c023a82443e3ff23e","name":"christophe","image":{"@type":"ImageObject","inLanguage":"fr-FR","@id":"https:\/\/secure.gravatar.com\/avatar\/9c6f9b8465b965e8affa3bec0b793174662d4390e99a3857bd8cc937449932cc?s=96&d=mm&r=g","url":"https:\/\/secure.gravatar.com\/avatar\/9c6f9b8465b965e8affa3bec0b793174662d4390e99a3857bd8cc937449932cc?s=96&d=mm&r=g","contentUrl":"https:\/\/secure.gravatar.com\/avatar\/9c6f9b8465b965e8affa3bec0b793174662d4390e99a3857bd8cc937449932cc?s=96&d=mm&r=g","caption":"christophe"},"logo":{"@id":"https:\/\/secure.gravatar.com\/avatar\/9c6f9b8465b965e8affa3bec0b793174662d4390e99a3857bd8cc937449932cc?s=96&d=mm&r=g"}}]}},"_links":{"self":[{"href":"https:\/\/www.objectifaune.fr\/index.php\/wp-json\/wp\/v2\/pages\/641","targetHints":{"allow":["GET"]}}],"collection":[{"href":"https:\/\/www.objectifaune.fr\/index.php\/wp-json\/wp\/v2\/pages"}],"about":[{"href":"https:\/\/www.objectifaune.fr\/index.php\/wp-json\/wp\/v2\/types\/page"}],"author":[{"embeddable":true,"href":"https:\/\/www.objectifaune.fr\/index.php\/wp-json\/wp\/v2\/users\/2"}],"replies":[{"embeddable":true,"href":"https:\/\/www.objectifaune.fr\/index.php\/wp-json\/wp\/v2\/comments?post=641"}],"version-history":[{"count":12,"href":"https:\/\/www.objectifaune.fr\/index.php\/wp-json\/wp\/v2\/pages\/641\/revisions"}],"predecessor-version":[{"id":792,"href":"https:\/\/www.objectifaune.fr\/index.php\/wp-json\/wp\/v2\/pages\/641\/revisions\/792"}],"wp:attachment":[{"href":"https:\/\/www.objectifaune.fr\/index.php\/wp-json\/wp\/v2\/media?parent=641"}],"curies":[{"name":"wp","href":"https:\/\/api.w.org\/{rel}","templated":true}]}}