{"id":466,"date":"2023-12-17T16:10:43","date_gmt":"2023-12-17T15:10:43","guid":{"rendered":"https:\/\/www.objectifaune.fr\/?page_id=466"},"modified":"2025-06-02T09:07:43","modified_gmt":"2025-06-02T07:07:43","slug":"tirage-photo","status":"publish","type":"page","link":"https:\/\/www.objectifaune.fr\/index.php\/tirage-photo\/","title":{"rendered":"Tirage photo"},"content":{"rendered":"\n<pre class=\"wp-block-preformatted has-black-color has-very-light-gray-to-cyan-bluish-gray-gradient-background has-text-color has-background has-link-color wp-elements-66d5a4a9c2348b582eb31b90364257f2\">J'ai r\u00e9alis\u00e9 quelques tirages photos et album photo.\nCertaines photos sont imprim\u00e9es sur mat\u00e9riel Dibond (impression sur plaque d'aluminium). Cela donne un bel effet d\u00e9coratif.\n\nQuelques exemples de tirage grand format.<\/pre>\n\n\n\n<figure class=\"wp-block-image size-large is-resized\"><img loading=\"lazy\" decoding=\"async\" width=\"1024\" height=\"698\" src=\"http:\/\/www.objectifaune.fr\/wp-content\/uploads\/2023\/12\/DSC_0692-1-1024x698.jpg\" alt=\"\" class=\"wp-image-470\" style=\"width:840px;height:auto\" srcset=\"https:\/\/www.objectifaune.fr\/wp-content\/uploads\/2023\/12\/DSC_0692-1-1024x698.jpg 1024w, https:\/\/www.objectifaune.fr\/wp-content\/uploads\/2023\/12\/DSC_0692-1-300x205.jpg 300w, https:\/\/www.objectifaune.fr\/wp-content\/uploads\/2023\/12\/DSC_0692-1-768x524.jpg 768w, https:\/\/www.objectifaune.fr\/wp-content\/uploads\/2023\/12\/DSC_0692-1-1536x1048.jpg 1536w, https:\/\/www.objectifaune.fr\/wp-content\/uploads\/2023\/12\/DSC_0692-1-2048x1397.jpg 2048w\" sizes=\"auto, (max-width: 1024px) 100vw, 1024px\" \/><\/figure>\n\n\n\n<pre class=\"wp-block-preformatted has-black-color has-very-light-gray-to-cyan-bluish-gray-gradient-background has-text-color has-background has-link-color wp-elements-67b372a3f4762e4172c937afba7f2a0d\">Cabri dans le Queyras. tirage 60x50cm<\/pre>\n\n\n\n<figure class=\"wp-block-image size-large\"><img loading=\"lazy\" decoding=\"async\" width=\"1024\" height=\"683\" src=\"http:\/\/www.objectifaune.fr\/wp-content\/uploads\/2023\/12\/DSC_0623-1024x683.jpg\" alt=\"\" class=\"wp-image-468\" srcset=\"https:\/\/www.objectifaune.fr\/wp-content\/uploads\/2023\/12\/DSC_0623-1024x683.jpg 1024w, https:\/\/www.objectifaune.fr\/wp-content\/uploads\/2023\/12\/DSC_0623-300x200.jpg 300w, https:\/\/www.objectifaune.fr\/wp-content\/uploads\/2023\/12\/DSC_0623-768x512.jpg 768w, https:\/\/www.objectifaune.fr\/wp-content\/uploads\/2023\/12\/DSC_0623-1536x1024.jpg 1536w, https:\/\/www.objectifaune.fr\/wp-content\/uploads\/2023\/12\/DSC_0623-2048x1365.jpg 2048w\" sizes=\"auto, (max-width: 1024px) 100vw, 1024px\" \/><\/figure>\n\n\n\n<pre class=\"wp-block-preformatted has-black-color has-very-light-gray-to-cyan-bluish-gray-gradient-background has-text-color has-background has-link-color wp-elements-1fefb72ebef11b8f2e23244dd94608f8\">Cabri dans l'Ubaye vers 2600m (tirage 60x50cm)<\/pre>\n\n\n\n<figure class=\"wp-block-image size-large\"><img loading=\"lazy\" decoding=\"async\" width=\"1024\" height=\"683\" src=\"http:\/\/www.objectifaune.fr\/wp-content\/uploads\/2023\/11\/DSC_3757_DxO-1024x683.jpg\" alt=\"\" class=\"wp-image-210\" srcset=\"https:\/\/www.objectifaune.fr\/wp-content\/uploads\/2023\/11\/DSC_3757_DxO-1024x683.jpg 1024w, https:\/\/www.objectifaune.fr\/wp-content\/uploads\/2023\/11\/DSC_3757_DxO-300x200.jpg 300w, https:\/\/www.objectifaune.fr\/wp-content\/uploads\/2023\/11\/DSC_3757_DxO-768x512.jpg 768w, https:\/\/www.objectifaune.fr\/wp-content\/uploads\/2023\/11\/DSC_3757_DxO-1536x1024.jpg 1536w, https:\/\/www.objectifaune.fr\/wp-content\/uploads\/2023\/11\/DSC_3757_DxO-2048x1365.jpg 2048w, https:\/\/www.objectifaune.fr\/wp-content\/uploads\/2023\/11\/DSC_3757_DxO-500x333.jpg 500w, https:\/\/www.objectifaune.fr\/wp-content\/uploads\/2023\/11\/DSC_3757_DxO-800x533.jpg 800w, https:\/\/www.objectifaune.fr\/wp-content\/uploads\/2023\/11\/DSC_3757_DxO-1280x853.jpg 1280w, https:\/\/www.objectifaune.fr\/wp-content\/uploads\/2023\/11\/DSC_3757_DxO-1920x1280.jpg 1920w\" sizes=\"auto, (max-width: 1024px) 100vw, 1024px\" \/><figcaption class=\"wp-element-caption\">Bouquetin en ligne de cr\u00eate<\/figcaption><\/figure>\n\n\n\n<pre class=\"wp-block-preformatted has-black-color has-very-light-gray-to-cyan-bluish-gray-gradient-background has-text-color has-background has-link-color wp-elements-efc1732c8bc1e2ad6bff89bcfa778321\">Bouquetin en Vanoise \u00e0 3000m (tirage 90x70cm)<\/pre>\n\n\n\n<figure class=\"wp-block-image size-large\"><img loading=\"lazy\" decoding=\"async\" width=\"1024\" height=\"736\" src=\"http:\/\/www.objectifaune.fr\/wp-content\/uploads\/2023\/11\/DSC_5244-1024x736.jpg\" alt=\"\" class=\"wp-image-271\" srcset=\"https:\/\/www.objectifaune.fr\/wp-content\/uploads\/2023\/11\/DSC_5244-1024x736.jpg 1024w, https:\/\/www.objectifaune.fr\/wp-content\/uploads\/2023\/11\/DSC_5244-300x215.jpg 300w, https:\/\/www.objectifaune.fr\/wp-content\/uploads\/2023\/11\/DSC_5244-768x552.jpg 768w, https:\/\/www.objectifaune.fr\/wp-content\/uploads\/2023\/11\/DSC_5244-1536x1103.jpg 1536w, https:\/\/www.objectifaune.fr\/wp-content\/uploads\/2023\/11\/DSC_5244-2048x1471.jpg 2048w\" sizes=\"auto, (max-width: 1024px) 100vw, 1024px\" \/><\/figure>\n\n\n\n<pre class=\"wp-block-preformatted has-black-color has-very-light-gray-to-cyan-bluish-gray-gradient-background has-text-color has-background has-link-color wp-elements-3b5b7a373bd856e0481a15cacb1b3ddb\">Le regard du renard (tirage 40x50cm)<\/pre>\n\n\n\n<figure class=\"wp-block-image size-large\"><img loading=\"lazy\" decoding=\"async\" width=\"1024\" height=\"783\" src=\"http:\/\/www.objectifaune.fr\/wp-content\/uploads\/2023\/11\/DSC_1074-1-1024x783.jpg\" alt=\"\" class=\"wp-image-30\" srcset=\"https:\/\/www.objectifaune.fr\/wp-content\/uploads\/2023\/11\/DSC_1074-1-1024x783.jpg 1024w, https:\/\/www.objectifaune.fr\/wp-content\/uploads\/2023\/11\/DSC_1074-1-300x229.jpg 300w, https:\/\/www.objectifaune.fr\/wp-content\/uploads\/2023\/11\/DSC_1074-1-768x587.jpg 768w, https:\/\/www.objectifaune.fr\/wp-content\/uploads\/2023\/11\/DSC_1074-1-1536x1174.jpg 1536w, https:\/\/www.objectifaune.fr\/wp-content\/uploads\/2023\/11\/DSC_1074-1-2048x1565.jpg 2048w\" sizes=\"auto, (max-width: 1024px) 100vw, 1024px\" \/><\/figure>\n\n\n\n<pre class=\"wp-block-preformatted has-black-color has-very-light-gray-to-cyan-bluish-gray-gradient-background has-text-color has-background has-link-color wp-elements-10e6a05021abaf887ec843ee68024ddb\">Marmotte dans le Queyras vers 2200m (tirage 60x50cm)<\/pre>\n\n\n\n<pre class=\"wp-block-preformatted has-black-color has-very-light-gray-to-cyan-bluish-gray-gradient-background has-text-color has-background has-link-color wp-elements-ab1956f54cc56d7ba21dd60cdd34860c\"><\/pre>\n\n\n\n<p><\/p>\n","protected":false},"excerpt":{"rendered":"<p>J&rsquo;ai r\u00e9alis\u00e9 quelques tirages photos et album photo. Certaines photos sont imprim\u00e9es sur mat\u00e9riel Dibond (impression sur plaque d&rsquo;aluminium). Cela donne un bel effet d\u00e9coratif. Quelques exemples de tirage grand format. Cabri dans le Queyras. tirage 60x50cm Cabri dans l&rsquo;Ubaye vers 2600m (tirage 60x50cm) Bouquetin en Vanoise \u00e0 3000m (tirage 90x70cm) Le regard du renard [&hellip;]<\/p>\n","protected":false},"author":2,"featured_media":0,"parent":0,"menu_order":0,"comment_status":"closed","ping_status":"closed","template":"","meta":{"footnotes":""},"class_list":["post-466","page","type-page","status-publish","hentry","entry"],"yoast_head":"<!-- This site is optimized with the Yoast SEO plugin v27.4 - https:\/\/yoast.com\/product\/yoast-seo-wordpress\/ -->\n<title>Tirage photo - Un regard sur la nature<\/title>\n<meta name=\"description\" content=\"Tirage photo sur papier et sur support dibong (aluminium)\" \/>\n<meta name=\"robots\" content=\"index, follow, max-snippet:-1, max-image-preview:large, max-video-preview:-1\" \/>\n<link rel=\"canonical\" href=\"https:\/\/www.objectifaune.fr\/index.php\/tirage-photo\/\" \/>\n<meta property=\"og:locale\" content=\"fr_FR\" \/>\n<meta property=\"og:type\" content=\"article\" \/>\n<meta property=\"og:title\" content=\"Tirage photo - Un regard sur la nature\" \/>\n<meta property=\"og:description\" content=\"Tirage photo sur papier et sur support dibong (aluminium)\" \/>\n<meta property=\"og:url\" content=\"https:\/\/www.objectifaune.fr\/index.php\/tirage-photo\/\" \/>\n<meta property=\"og:site_name\" content=\"Un regard sur la nature\" \/>\n<meta property=\"article:modified_time\" content=\"2025-06-02T07:07:43+00:00\" \/>\n<meta property=\"og:image\" content=\"https:\/\/www.objectifaune.fr\/wp-content\/uploads\/2023\/12\/DSC_0692-1-scaled.jpg\" \/>\n\t<meta property=\"og:image:width\" content=\"2560\" \/>\n\t<meta property=\"og:image:height\" content=\"1746\" \/>\n\t<meta property=\"og:image:type\" content=\"image\/jpeg\" \/>\n<meta name=\"twitter:card\" content=\"summary_large_image\" \/>\n<meta name=\"twitter:label1\" content=\"Dur\u00e9e de lecture estim\u00e9e\" \/>\n\t<meta name=\"twitter:data1\" content=\"2 minutes\" \/>\n<script type=\"application\/ld+json\" class=\"yoast-schema-graph\">{\"@context\":\"https:\\\/\\\/schema.org\",\"@graph\":[{\"@type\":\"WebPage\",\"@id\":\"https:\\\/\\\/www.objectifaune.fr\\\/index.php\\\/tirage-photo\\\/\",\"url\":\"https:\\\/\\\/www.objectifaune.fr\\\/index.php\\\/tirage-photo\\\/\",\"name\":\"Tirage photo - Un regard sur la nature\",\"isPartOf\":{\"@id\":\"https:\\\/\\\/www.objectifaune.fr\\\/#website\"},\"primaryImageOfPage\":{\"@id\":\"https:\\\/\\\/www.objectifaune.fr\\\/index.php\\\/tirage-photo\\\/#primaryimage\"},\"image\":{\"@id\":\"https:\\\/\\\/www.objectifaune.fr\\\/index.php\\\/tirage-photo\\\/#primaryimage\"},\"thumbnailUrl\":\"http:\\\/\\\/www.objectifaune.fr\\\/wp-content\\\/uploads\\\/2023\\\/12\\\/DSC_0692-1-1024x698.jpg\",\"datePublished\":\"2023-12-17T15:10:43+00:00\",\"dateModified\":\"2025-06-02T07:07:43+00:00\",\"description\":\"Tirage photo sur papier et sur support dibong (aluminium)\",\"breadcrumb\":{\"@id\":\"https:\\\/\\\/www.objectifaune.fr\\\/index.php\\\/tirage-photo\\\/#breadcrumb\"},\"inLanguage\":\"fr-FR\",\"potentialAction\":[{\"@type\":\"ReadAction\",\"target\":[\"https:\\\/\\\/www.objectifaune.fr\\\/index.php\\\/tirage-photo\\\/\"]}]},{\"@type\":\"ImageObject\",\"inLanguage\":\"fr-FR\",\"@id\":\"https:\\\/\\\/www.objectifaune.fr\\\/index.php\\\/tirage-photo\\\/#primaryimage\",\"url\":\"https:\\\/\\\/www.objectifaune.fr\\\/wp-content\\\/uploads\\\/2023\\\/12\\\/DSC_0692-1-scaled.jpg\",\"contentUrl\":\"https:\\\/\\\/www.objectifaune.fr\\\/wp-content\\\/uploads\\\/2023\\\/12\\\/DSC_0692-1-scaled.jpg\",\"width\":2560,\"height\":1746},{\"@type\":\"BreadcrumbList\",\"@id\":\"https:\\\/\\\/www.objectifaune.fr\\\/index.php\\\/tirage-photo\\\/#breadcrumb\",\"itemListElement\":[{\"@type\":\"ListItem\",\"position\":1,\"name\":\"Accueil\",\"item\":\"https:\\\/\\\/www.objectifaune.fr\\\/\"},{\"@type\":\"ListItem\",\"position\":2,\"name\":\"Tirage photo\"}]},{\"@type\":\"WebSite\",\"@id\":\"https:\\\/\\\/www.objectifaune.fr\\\/#website\",\"url\":\"https:\\\/\\\/www.objectifaune.fr\\\/\",\"name\":\"objectifaune\",\"description\":\"\",\"publisher\":{\"@id\":\"https:\\\/\\\/www.objectifaune.fr\\\/#\\\/schema\\\/person\\\/bbdca95880e44b4c023a82443e3ff23e\"},\"potentialAction\":[{\"@type\":\"SearchAction\",\"target\":{\"@type\":\"EntryPoint\",\"urlTemplate\":\"https:\\\/\\\/www.objectifaune.fr\\\/?s={search_term_string}\"},\"query-input\":{\"@type\":\"PropertyValueSpecification\",\"valueRequired\":true,\"valueName\":\"search_term_string\"}}],\"inLanguage\":\"fr-FR\"},{\"@type\":[\"Person\",\"Organization\"],\"@id\":\"https:\\\/\\\/www.objectifaune.fr\\\/#\\\/schema\\\/person\\\/bbdca95880e44b4c023a82443e3ff23e\",\"name\":\"christophe\",\"image\":{\"@type\":\"ImageObject\",\"inLanguage\":\"fr-FR\",\"@id\":\"https:\\\/\\\/secure.gravatar.com\\\/avatar\\\/9c6f9b8465b965e8affa3bec0b793174662d4390e99a3857bd8cc937449932cc?s=96&d=mm&r=g\",\"url\":\"https:\\\/\\\/secure.gravatar.com\\\/avatar\\\/9c6f9b8465b965e8affa3bec0b793174662d4390e99a3857bd8cc937449932cc?s=96&d=mm&r=g\",\"contentUrl\":\"https:\\\/\\\/secure.gravatar.com\\\/avatar\\\/9c6f9b8465b965e8affa3bec0b793174662d4390e99a3857bd8cc937449932cc?s=96&d=mm&r=g\",\"caption\":\"christophe\"},\"logo\":{\"@id\":\"https:\\\/\\\/secure.gravatar.com\\\/avatar\\\/9c6f9b8465b965e8affa3bec0b793174662d4390e99a3857bd8cc937449932cc?s=96&d=mm&r=g\"}}]}<\/script>\n<!-- \/ Yoast SEO plugin. -->","yoast_head_json":{"title":"Tirage photo - Un regard sur la nature","description":"Tirage photo sur papier et sur support dibong (aluminium)","robots":{"index":"index","follow":"follow","max-snippet":"max-snippet:-1","max-image-preview":"max-image-preview:large","max-video-preview":"max-video-preview:-1"},"canonical":"https:\/\/www.objectifaune.fr\/index.php\/tirage-photo\/","og_locale":"fr_FR","og_type":"article","og_title":"Tirage photo - Un regard sur la nature","og_description":"Tirage photo sur papier et sur support dibong (aluminium)","og_url":"https:\/\/www.objectifaune.fr\/index.php\/tirage-photo\/","og_site_name":"Un regard sur la nature","article_modified_time":"2025-06-02T07:07:43+00:00","og_image":[{"width":2560,"height":1746,"url":"https:\/\/www.objectifaune.fr\/wp-content\/uploads\/2023\/12\/DSC_0692-1-scaled.jpg","type":"image\/jpeg"}],"twitter_card":"summary_large_image","twitter_misc":{"Dur\u00e9e de lecture estim\u00e9e":"2 minutes"},"schema":{"@context":"https:\/\/schema.org","@graph":[{"@type":"WebPage","@id":"https:\/\/www.objectifaune.fr\/index.php\/tirage-photo\/","url":"https:\/\/www.objectifaune.fr\/index.php\/tirage-photo\/","name":"Tirage photo - Un regard sur la nature","isPartOf":{"@id":"https:\/\/www.objectifaune.fr\/#website"},"primaryImageOfPage":{"@id":"https:\/\/www.objectifaune.fr\/index.php\/tirage-photo\/#primaryimage"},"image":{"@id":"https:\/\/www.objectifaune.fr\/index.php\/tirage-photo\/#primaryimage"},"thumbnailUrl":"http:\/\/www.objectifaune.fr\/wp-content\/uploads\/2023\/12\/DSC_0692-1-1024x698.jpg","datePublished":"2023-12-17T15:10:43+00:00","dateModified":"2025-06-02T07:07:43+00:00","description":"Tirage photo sur papier et sur support dibong (aluminium)","breadcrumb":{"@id":"https:\/\/www.objectifaune.fr\/index.php\/tirage-photo\/#breadcrumb"},"inLanguage":"fr-FR","potentialAction":[{"@type":"ReadAction","target":["https:\/\/www.objectifaune.fr\/index.php\/tirage-photo\/"]}]},{"@type":"ImageObject","inLanguage":"fr-FR","@id":"https:\/\/www.objectifaune.fr\/index.php\/tirage-photo\/#primaryimage","url":"https:\/\/www.objectifaune.fr\/wp-content\/uploads\/2023\/12\/DSC_0692-1-scaled.jpg","contentUrl":"https:\/\/www.objectifaune.fr\/wp-content\/uploads\/2023\/12\/DSC_0692-1-scaled.jpg","width":2560,"height":1746},{"@type":"BreadcrumbList","@id":"https:\/\/www.objectifaune.fr\/index.php\/tirage-photo\/#breadcrumb","itemListElement":[{"@type":"ListItem","position":1,"name":"Accueil","item":"https:\/\/www.objectifaune.fr\/"},{"@type":"ListItem","position":2,"name":"Tirage photo"}]},{"@type":"WebSite","@id":"https:\/\/www.objectifaune.fr\/#website","url":"https:\/\/www.objectifaune.fr\/","name":"objectifaune","description":"","publisher":{"@id":"https:\/\/www.objectifaune.fr\/#\/schema\/person\/bbdca95880e44b4c023a82443e3ff23e"},"potentialAction":[{"@type":"SearchAction","target":{"@type":"EntryPoint","urlTemplate":"https:\/\/www.objectifaune.fr\/?s={search_term_string}"},"query-input":{"@type":"PropertyValueSpecification","valueRequired":true,"valueName":"search_term_string"}}],"inLanguage":"fr-FR"},{"@type":["Person","Organization"],"@id":"https:\/\/www.objectifaune.fr\/#\/schema\/person\/bbdca95880e44b4c023a82443e3ff23e","name":"christophe","image":{"@type":"ImageObject","inLanguage":"fr-FR","@id":"https:\/\/secure.gravatar.com\/avatar\/9c6f9b8465b965e8affa3bec0b793174662d4390e99a3857bd8cc937449932cc?s=96&d=mm&r=g","url":"https:\/\/secure.gravatar.com\/avatar\/9c6f9b8465b965e8affa3bec0b793174662d4390e99a3857bd8cc937449932cc?s=96&d=mm&r=g","contentUrl":"https:\/\/secure.gravatar.com\/avatar\/9c6f9b8465b965e8affa3bec0b793174662d4390e99a3857bd8cc937449932cc?s=96&d=mm&r=g","caption":"christophe"},"logo":{"@id":"https:\/\/secure.gravatar.com\/avatar\/9c6f9b8465b965e8affa3bec0b793174662d4390e99a3857bd8cc937449932cc?s=96&d=mm&r=g"}}]}},"_links":{"self":[{"href":"https:\/\/www.objectifaune.fr\/index.php\/wp-json\/wp\/v2\/pages\/466","targetHints":{"allow":["GET"]}}],"collection":[{"href":"https:\/\/www.objectifaune.fr\/index.php\/wp-json\/wp\/v2\/pages"}],"about":[{"href":"https:\/\/www.objectifaune.fr\/index.php\/wp-json\/wp\/v2\/types\/page"}],"author":[{"embeddable":true,"href":"https:\/\/www.objectifaune.fr\/index.php\/wp-json\/wp\/v2\/users\/2"}],"replies":[{"embeddable":true,"href":"https:\/\/www.objectifaune.fr\/index.php\/wp-json\/wp\/v2\/comments?post=466"}],"version-history":[{"count":7,"href":"https:\/\/www.objectifaune.fr\/index.php\/wp-json\/wp\/v2\/pages\/466\/revisions"}],"predecessor-version":[{"id":1037,"href":"https:\/\/www.objectifaune.fr\/index.php\/wp-json\/wp\/v2\/pages\/466\/revisions\/1037"}],"wp:attachment":[{"href":"https:\/\/www.objectifaune.fr\/index.php\/wp-json\/wp\/v2\/media?parent=466"}],"curies":[{"name":"wp","href":"https:\/\/api.w.org\/{rel}","templated":true}]}}