{"id":46,"date":"2023-11-16T18:05:33","date_gmt":"2023-11-16T17:05:33","guid":{"rendered":"http:\/\/ktiijbu.cluster028.hosting.ovh.net\/?page_id=46"},"modified":"2024-04-08T18:43:30","modified_gmt":"2024-04-08T16:43:30","slug":"conference","status":"publish","type":"page","link":"https:\/\/www.objectifaune.fr\/index.php\/conference\/","title":{"rendered":"Publications diverses"},"content":{"rendered":"\n<pre class=\"wp-block-preformatted has-black-color has-very-light-gray-to-cyan-bluish-gray-gradient-background has-text-color has-background has-link-color wp-elements-cf2289626352c1c9920ade1c798ca28d\">A l'occasion, je r\u00e9alise des conf\u00e9rences sur la faune et sur des th\u00e9matiques connexes comme la biodiversit\u00e9 ou sur des esp\u00e8ces sp\u00e9cifiques. <br><br>- Automne 2022: Conf\u00e9rence sur la faune alpine. Barcelonnette (04)<br>- Printemps 2023:  Conf\u00e9rence sur l'\u00e9cureuil roux<br>- Automne 2023: Conf\u00e9rence La biodiversit\u00e9. Comment la prot\u00e9ger ?<br>- Automne 2023: Reportage TV SOS Ecureuil Meteo \u00e0 la carte.<br><br>J'ai eu la chance de participer \u00e0 un reportage r\u00e9alis\u00e9 par France3 sur les \u00e9cureuils.  <br>Lien vers la vid\u00e9o: <a href=\"https:\/\/www.france.tv\/france-3\/meteo-a-la-carte\/5264397-decouverte-un-paradis-pour-ecureuils-roux.html\" target=\"_blank\" rel=\"noreferrer noopener\">Reportage France3<\/a><br><br><br><\/pre>\n","protected":false},"excerpt":{"rendered":"<p>A l&rsquo;occasion, je r\u00e9alise des conf\u00e9rences sur la faune et sur des th\u00e9matiques connexes comme la biodiversit\u00e9 ou sur des esp\u00e8ces sp\u00e9cifiques. &#8211; Automne 2022: Conf\u00e9rence sur la faune alpine. Barcelonnette (04)- Printemps 2023: Conf\u00e9rence sur l&rsquo;\u00e9cureuil roux- Automne 2023: Conf\u00e9rence La biodiversit\u00e9. Comment la prot\u00e9ger ?- Automne 2023: Reportage TV SOS Ecureuil Meteo \u00e0 [&hellip;]<\/p>\n","protected":false},"author":2,"featured_media":0,"parent":0,"menu_order":0,"comment_status":"closed","ping_status":"closed","template":"","meta":{"footnotes":""},"class_list":["post-46","page","type-page","status-publish","hentry","entry"],"yoast_head":"<!-- This site is optimized with the Yoast SEO plugin v27.4 - https:\/\/yoast.com\/product\/yoast-seo-wordpress\/ -->\n<title>Publications diverses - Un regard sur la nature<\/title>\n<meta name=\"robots\" content=\"index, follow, max-snippet:-1, max-image-preview:large, max-video-preview:-1\" \/>\n<link rel=\"canonical\" href=\"https:\/\/www.objectifaune.fr\/index.php\/conference\/\" \/>\n<meta property=\"og:locale\" content=\"fr_FR\" \/>\n<meta property=\"og:type\" content=\"article\" \/>\n<meta property=\"og:title\" content=\"Publications diverses - Un regard sur la nature\" \/>\n<meta property=\"og:description\" content=\"A l&#039;occasion, je r\u00e9alise des conf\u00e9rences sur la faune et sur des th\u00e9matiques connexes comme la biodiversit\u00e9 ou sur des esp\u00e8ces sp\u00e9cifiques. - Automne 2022: Conf\u00e9rence sur la faune alpine. Barcelonnette (04)- Printemps 2023: Conf\u00e9rence sur l&#039;\u00e9cureuil roux- Automne 2023: Conf\u00e9rence La biodiversit\u00e9. Comment la prot\u00e9ger ?- Automne 2023: Reportage TV SOS Ecureuil Meteo \u00e0 [&hellip;]\" \/>\n<meta property=\"og:url\" content=\"https:\/\/www.objectifaune.fr\/index.php\/conference\/\" \/>\n<meta property=\"og:site_name\" content=\"Un regard sur la nature\" \/>\n<meta property=\"article:modified_time\" content=\"2024-04-08T16:43:30+00:00\" \/>\n<meta name=\"twitter:card\" content=\"summary_large_image\" \/>\n<script type=\"application\/ld+json\" class=\"yoast-schema-graph\">{\"@context\":\"https:\\\/\\\/schema.org\",\"@graph\":[{\"@type\":\"WebPage\",\"@id\":\"https:\\\/\\\/www.objectifaune.fr\\\/index.php\\\/conference\\\/\",\"url\":\"https:\\\/\\\/www.objectifaune.fr\\\/index.php\\\/conference\\\/\",\"name\":\"Publications diverses - Un regard sur la nature\",\"isPartOf\":{\"@id\":\"https:\\\/\\\/www.objectifaune.fr\\\/#website\"},\"datePublished\":\"2023-11-16T17:05:33+00:00\",\"dateModified\":\"2024-04-08T16:43:30+00:00\",\"breadcrumb\":{\"@id\":\"https:\\\/\\\/www.objectifaune.fr\\\/index.php\\\/conference\\\/#breadcrumb\"},\"inLanguage\":\"fr-FR\",\"potentialAction\":[{\"@type\":\"ReadAction\",\"target\":[\"https:\\\/\\\/www.objectifaune.fr\\\/index.php\\\/conference\\\/\"]}]},{\"@type\":\"BreadcrumbList\",\"@id\":\"https:\\\/\\\/www.objectifaune.fr\\\/index.php\\\/conference\\\/#breadcrumb\",\"itemListElement\":[{\"@type\":\"ListItem\",\"position\":1,\"name\":\"Accueil\",\"item\":\"https:\\\/\\\/www.objectifaune.fr\\\/\"},{\"@type\":\"ListItem\",\"position\":2,\"name\":\"Publications diverses\"}]},{\"@type\":\"WebSite\",\"@id\":\"https:\\\/\\\/www.objectifaune.fr\\\/#website\",\"url\":\"https:\\\/\\\/www.objectifaune.fr\\\/\",\"name\":\"objectifaune\",\"description\":\"\",\"publisher\":{\"@id\":\"https:\\\/\\\/www.objectifaune.fr\\\/#\\\/schema\\\/person\\\/bbdca95880e44b4c023a82443e3ff23e\"},\"potentialAction\":[{\"@type\":\"SearchAction\",\"target\":{\"@type\":\"EntryPoint\",\"urlTemplate\":\"https:\\\/\\\/www.objectifaune.fr\\\/?s={search_term_string}\"},\"query-input\":{\"@type\":\"PropertyValueSpecification\",\"valueRequired\":true,\"valueName\":\"search_term_string\"}}],\"inLanguage\":\"fr-FR\"},{\"@type\":[\"Person\",\"Organization\"],\"@id\":\"https:\\\/\\\/www.objectifaune.fr\\\/#\\\/schema\\\/person\\\/bbdca95880e44b4c023a82443e3ff23e\",\"name\":\"christophe\",\"image\":{\"@type\":\"ImageObject\",\"inLanguage\":\"fr-FR\",\"@id\":\"https:\\\/\\\/secure.gravatar.com\\\/avatar\\\/9c6f9b8465b965e8affa3bec0b793174662d4390e99a3857bd8cc937449932cc?s=96&d=mm&r=g\",\"url\":\"https:\\\/\\\/secure.gravatar.com\\\/avatar\\\/9c6f9b8465b965e8affa3bec0b793174662d4390e99a3857bd8cc937449932cc?s=96&d=mm&r=g\",\"contentUrl\":\"https:\\\/\\\/secure.gravatar.com\\\/avatar\\\/9c6f9b8465b965e8affa3bec0b793174662d4390e99a3857bd8cc937449932cc?s=96&d=mm&r=g\",\"caption\":\"christophe\"},\"logo\":{\"@id\":\"https:\\\/\\\/secure.gravatar.com\\\/avatar\\\/9c6f9b8465b965e8affa3bec0b793174662d4390e99a3857bd8cc937449932cc?s=96&d=mm&r=g\"}}]}<\/script>\n<!-- \/ Yoast SEO plugin. -->","yoast_head_json":{"title":"Publications diverses - Un regard sur la nature","robots":{"index":"index","follow":"follow","max-snippet":"max-snippet:-1","max-image-preview":"max-image-preview:large","max-video-preview":"max-video-preview:-1"},"canonical":"https:\/\/www.objectifaune.fr\/index.php\/conference\/","og_locale":"fr_FR","og_type":"article","og_title":"Publications diverses - Un regard sur la nature","og_description":"A l'occasion, je r\u00e9alise des conf\u00e9rences sur la faune et sur des th\u00e9matiques connexes comme la biodiversit\u00e9 ou sur des esp\u00e8ces sp\u00e9cifiques. - Automne 2022: Conf\u00e9rence sur la faune alpine. Barcelonnette (04)- Printemps 2023: Conf\u00e9rence sur l'\u00e9cureuil roux- Automne 2023: Conf\u00e9rence La biodiversit\u00e9. Comment la prot\u00e9ger ?- Automne 2023: Reportage TV SOS Ecureuil Meteo \u00e0 [&hellip;]","og_url":"https:\/\/www.objectifaune.fr\/index.php\/conference\/","og_site_name":"Un regard sur la nature","article_modified_time":"2024-04-08T16:43:30+00:00","twitter_card":"summary_large_image","schema":{"@context":"https:\/\/schema.org","@graph":[{"@type":"WebPage","@id":"https:\/\/www.objectifaune.fr\/index.php\/conference\/","url":"https:\/\/www.objectifaune.fr\/index.php\/conference\/","name":"Publications diverses - Un regard sur la nature","isPartOf":{"@id":"https:\/\/www.objectifaune.fr\/#website"},"datePublished":"2023-11-16T17:05:33+00:00","dateModified":"2024-04-08T16:43:30+00:00","breadcrumb":{"@id":"https:\/\/www.objectifaune.fr\/index.php\/conference\/#breadcrumb"},"inLanguage":"fr-FR","potentialAction":[{"@type":"ReadAction","target":["https:\/\/www.objectifaune.fr\/index.php\/conference\/"]}]},{"@type":"BreadcrumbList","@id":"https:\/\/www.objectifaune.fr\/index.php\/conference\/#breadcrumb","itemListElement":[{"@type":"ListItem","position":1,"name":"Accueil","item":"https:\/\/www.objectifaune.fr\/"},{"@type":"ListItem","position":2,"name":"Publications diverses"}]},{"@type":"WebSite","@id":"https:\/\/www.objectifaune.fr\/#website","url":"https:\/\/www.objectifaune.fr\/","name":"objectifaune","description":"","publisher":{"@id":"https:\/\/www.objectifaune.fr\/#\/schema\/person\/bbdca95880e44b4c023a82443e3ff23e"},"potentialAction":[{"@type":"SearchAction","target":{"@type":"EntryPoint","urlTemplate":"https:\/\/www.objectifaune.fr\/?s={search_term_string}"},"query-input":{"@type":"PropertyValueSpecification","valueRequired":true,"valueName":"search_term_string"}}],"inLanguage":"fr-FR"},{"@type":["Person","Organization"],"@id":"https:\/\/www.objectifaune.fr\/#\/schema\/person\/bbdca95880e44b4c023a82443e3ff23e","name":"christophe","image":{"@type":"ImageObject","inLanguage":"fr-FR","@id":"https:\/\/secure.gravatar.com\/avatar\/9c6f9b8465b965e8affa3bec0b793174662d4390e99a3857bd8cc937449932cc?s=96&d=mm&r=g","url":"https:\/\/secure.gravatar.com\/avatar\/9c6f9b8465b965e8affa3bec0b793174662d4390e99a3857bd8cc937449932cc?s=96&d=mm&r=g","contentUrl":"https:\/\/secure.gravatar.com\/avatar\/9c6f9b8465b965e8affa3bec0b793174662d4390e99a3857bd8cc937449932cc?s=96&d=mm&r=g","caption":"christophe"},"logo":{"@id":"https:\/\/secure.gravatar.com\/avatar\/9c6f9b8465b965e8affa3bec0b793174662d4390e99a3857bd8cc937449932cc?s=96&d=mm&r=g"}}]}},"_links":{"self":[{"href":"https:\/\/www.objectifaune.fr\/index.php\/wp-json\/wp\/v2\/pages\/46","targetHints":{"allow":["GET"]}}],"collection":[{"href":"https:\/\/www.objectifaune.fr\/index.php\/wp-json\/wp\/v2\/pages"}],"about":[{"href":"https:\/\/www.objectifaune.fr\/index.php\/wp-json\/wp\/v2\/types\/page"}],"author":[{"embeddable":true,"href":"https:\/\/www.objectifaune.fr\/index.php\/wp-json\/wp\/v2\/users\/2"}],"replies":[{"embeddable":true,"href":"https:\/\/www.objectifaune.fr\/index.php\/wp-json\/wp\/v2\/comments?post=46"}],"version-history":[{"count":21,"href":"https:\/\/www.objectifaune.fr\/index.php\/wp-json\/wp\/v2\/pages\/46\/revisions"}],"predecessor-version":[{"id":614,"href":"https:\/\/www.objectifaune.fr\/index.php\/wp-json\/wp\/v2\/pages\/46\/revisions\/614"}],"wp:attachment":[{"href":"https:\/\/www.objectifaune.fr\/index.php\/wp-json\/wp\/v2\/media?parent=46"}],"curies":[{"name":"wp","href":"https:\/\/api.w.org\/{rel}","templated":true}]}}