{"id":183,"date":"2023-11-20T15:00:51","date_gmt":"2023-11-20T14:00:51","guid":{"rendered":"https:\/\/www.objectifaune.fr\/?page_id=183"},"modified":"2025-05-05T17:28:33","modified_gmt":"2025-05-05T15:28:33","slug":"videos","status":"publish","type":"page","link":"https:\/\/www.objectifaune.fr\/index.php\/videos\/","title":{"rendered":"Vid\u00e9os"},"content":{"rendered":"\n<p class=\"has-black-color has-text-color has-link-color has-medium-font-size wp-elements-58e350cb4df4ff046926311c4863e671\">Quelques vid\u00e9os que j&rsquo;ai r\u00e9alis\u00e9 pendant mes sessions photos.  Vous pouvez acc\u00e9der aux petits films dans le menu d\u00e9roulant.<\/p>\n\n\n\n<p class=\"has-medium-font-size\"><\/p>\n","protected":false},"excerpt":{"rendered":"<p>Quelques vid\u00e9os que j&rsquo;ai r\u00e9alis\u00e9 pendant mes sessions photos. Vous pouvez acc\u00e9der aux petits films dans le menu d\u00e9roulant.<\/p>\n","protected":false},"author":2,"featured_media":0,"parent":0,"menu_order":0,"comment_status":"closed","ping_status":"closed","template":"","meta":{"footnotes":""},"class_list":["post-183","page","type-page","status-publish","hentry","entry"],"yoast_head":"<!-- This site is optimized with the Yoast SEO plugin v27.3 - https:\/\/yoast.com\/product\/yoast-seo-wordpress\/ -->\n<title>Vid\u00e9os - Un regard sur la nature<\/title>\n<meta name=\"robots\" content=\"index, follow, max-snippet:-1, max-image-preview:large, max-video-preview:-1\" \/>\n<link rel=\"canonical\" href=\"https:\/\/www.objectifaune.fr\/index.php\/videos\/\" \/>\n<meta property=\"og:locale\" content=\"fr_FR\" \/>\n<meta property=\"og:type\" content=\"article\" \/>\n<meta property=\"og:title\" content=\"Vid\u00e9os - Un regard sur la nature\" \/>\n<meta property=\"og:description\" content=\"Quelques vid\u00e9os que j&rsquo;ai r\u00e9alis\u00e9 pendant mes sessions photos. Vous pouvez acc\u00e9der aux petits films dans le menu d\u00e9roulant.\" \/>\n<meta property=\"og:url\" content=\"https:\/\/www.objectifaune.fr\/index.php\/videos\/\" \/>\n<meta property=\"og:site_name\" content=\"Un regard sur la nature\" \/>\n<meta property=\"article:modified_time\" content=\"2025-05-05T15:28:33+00:00\" \/>\n<meta name=\"twitter:card\" content=\"summary_large_image\" \/>\n<meta name=\"twitter:label1\" content=\"Dur\u00e9e de lecture estim\u00e9e\" \/>\n\t<meta name=\"twitter:data1\" content=\"1 minute\" \/>\n<script type=\"application\/ld+json\" class=\"yoast-schema-graph\">{\"@context\":\"https:\\\/\\\/schema.org\",\"@graph\":[{\"@type\":\"WebPage\",\"@id\":\"https:\\\/\\\/www.objectifaune.fr\\\/index.php\\\/videos\\\/\",\"url\":\"https:\\\/\\\/www.objectifaune.fr\\\/index.php\\\/videos\\\/\",\"name\":\"Vid\u00e9os - Un regard sur la nature\",\"isPartOf\":{\"@id\":\"https:\\\/\\\/www.objectifaune.fr\\\/#website\"},\"datePublished\":\"2023-11-20T14:00:51+00:00\",\"dateModified\":\"2025-05-05T15:28:33+00:00\",\"breadcrumb\":{\"@id\":\"https:\\\/\\\/www.objectifaune.fr\\\/index.php\\\/videos\\\/#breadcrumb\"},\"inLanguage\":\"fr-FR\",\"potentialAction\":[{\"@type\":\"ReadAction\",\"target\":[\"https:\\\/\\\/www.objectifaune.fr\\\/index.php\\\/videos\\\/\"]}]},{\"@type\":\"BreadcrumbList\",\"@id\":\"https:\\\/\\\/www.objectifaune.fr\\\/index.php\\\/videos\\\/#breadcrumb\",\"itemListElement\":[{\"@type\":\"ListItem\",\"position\":1,\"name\":\"Accueil\",\"item\":\"https:\\\/\\\/www.objectifaune.fr\\\/\"},{\"@type\":\"ListItem\",\"position\":2,\"name\":\"Vid\u00e9os\"}]},{\"@type\":\"WebSite\",\"@id\":\"https:\\\/\\\/www.objectifaune.fr\\\/#website\",\"url\":\"https:\\\/\\\/www.objectifaune.fr\\\/\",\"name\":\"objectifaune\",\"description\":\"\",\"publisher\":{\"@id\":\"https:\\\/\\\/www.objectifaune.fr\\\/#\\\/schema\\\/person\\\/bbdca95880e44b4c023a82443e3ff23e\"},\"potentialAction\":[{\"@type\":\"SearchAction\",\"target\":{\"@type\":\"EntryPoint\",\"urlTemplate\":\"https:\\\/\\\/www.objectifaune.fr\\\/?s={search_term_string}\"},\"query-input\":{\"@type\":\"PropertyValueSpecification\",\"valueRequired\":true,\"valueName\":\"search_term_string\"}}],\"inLanguage\":\"fr-FR\"},{\"@type\":[\"Person\",\"Organization\"],\"@id\":\"https:\\\/\\\/www.objectifaune.fr\\\/#\\\/schema\\\/person\\\/bbdca95880e44b4c023a82443e3ff23e\",\"name\":\"christophe\",\"image\":{\"@type\":\"ImageObject\",\"inLanguage\":\"fr-FR\",\"@id\":\"https:\\\/\\\/secure.gravatar.com\\\/avatar\\\/9c6f9b8465b965e8affa3bec0b793174662d4390e99a3857bd8cc937449932cc?s=96&d=mm&r=g\",\"url\":\"https:\\\/\\\/secure.gravatar.com\\\/avatar\\\/9c6f9b8465b965e8affa3bec0b793174662d4390e99a3857bd8cc937449932cc?s=96&d=mm&r=g\",\"contentUrl\":\"https:\\\/\\\/secure.gravatar.com\\\/avatar\\\/9c6f9b8465b965e8affa3bec0b793174662d4390e99a3857bd8cc937449932cc?s=96&d=mm&r=g\",\"caption\":\"christophe\"},\"logo\":{\"@id\":\"https:\\\/\\\/secure.gravatar.com\\\/avatar\\\/9c6f9b8465b965e8affa3bec0b793174662d4390e99a3857bd8cc937449932cc?s=96&d=mm&r=g\"}}]}<\/script>\n<!-- \/ Yoast SEO plugin. -->","yoast_head_json":{"title":"Vid\u00e9os - Un regard sur la nature","robots":{"index":"index","follow":"follow","max-snippet":"max-snippet:-1","max-image-preview":"max-image-preview:large","max-video-preview":"max-video-preview:-1"},"canonical":"https:\/\/www.objectifaune.fr\/index.php\/videos\/","og_locale":"fr_FR","og_type":"article","og_title":"Vid\u00e9os - Un regard sur la nature","og_description":"Quelques vid\u00e9os que j&rsquo;ai r\u00e9alis\u00e9 pendant mes sessions photos. Vous pouvez acc\u00e9der aux petits films dans le menu d\u00e9roulant.","og_url":"https:\/\/www.objectifaune.fr\/index.php\/videos\/","og_site_name":"Un regard sur la nature","article_modified_time":"2025-05-05T15:28:33+00:00","twitter_card":"summary_large_image","twitter_misc":{"Dur\u00e9e de lecture estim\u00e9e":"1 minute"},"schema":{"@context":"https:\/\/schema.org","@graph":[{"@type":"WebPage","@id":"https:\/\/www.objectifaune.fr\/index.php\/videos\/","url":"https:\/\/www.objectifaune.fr\/index.php\/videos\/","name":"Vid\u00e9os - Un regard sur la nature","isPartOf":{"@id":"https:\/\/www.objectifaune.fr\/#website"},"datePublished":"2023-11-20T14:00:51+00:00","dateModified":"2025-05-05T15:28:33+00:00","breadcrumb":{"@id":"https:\/\/www.objectifaune.fr\/index.php\/videos\/#breadcrumb"},"inLanguage":"fr-FR","potentialAction":[{"@type":"ReadAction","target":["https:\/\/www.objectifaune.fr\/index.php\/videos\/"]}]},{"@type":"BreadcrumbList","@id":"https:\/\/www.objectifaune.fr\/index.php\/videos\/#breadcrumb","itemListElement":[{"@type":"ListItem","position":1,"name":"Accueil","item":"https:\/\/www.objectifaune.fr\/"},{"@type":"ListItem","position":2,"name":"Vid\u00e9os"}]},{"@type":"WebSite","@id":"https:\/\/www.objectifaune.fr\/#website","url":"https:\/\/www.objectifaune.fr\/","name":"objectifaune","description":"","publisher":{"@id":"https:\/\/www.objectifaune.fr\/#\/schema\/person\/bbdca95880e44b4c023a82443e3ff23e"},"potentialAction":[{"@type":"SearchAction","target":{"@type":"EntryPoint","urlTemplate":"https:\/\/www.objectifaune.fr\/?s={search_term_string}"},"query-input":{"@type":"PropertyValueSpecification","valueRequired":true,"valueName":"search_term_string"}}],"inLanguage":"fr-FR"},{"@type":["Person","Organization"],"@id":"https:\/\/www.objectifaune.fr\/#\/schema\/person\/bbdca95880e44b4c023a82443e3ff23e","name":"christophe","image":{"@type":"ImageObject","inLanguage":"fr-FR","@id":"https:\/\/secure.gravatar.com\/avatar\/9c6f9b8465b965e8affa3bec0b793174662d4390e99a3857bd8cc937449932cc?s=96&d=mm&r=g","url":"https:\/\/secure.gravatar.com\/avatar\/9c6f9b8465b965e8affa3bec0b793174662d4390e99a3857bd8cc937449932cc?s=96&d=mm&r=g","contentUrl":"https:\/\/secure.gravatar.com\/avatar\/9c6f9b8465b965e8affa3bec0b793174662d4390e99a3857bd8cc937449932cc?s=96&d=mm&r=g","caption":"christophe"},"logo":{"@id":"https:\/\/secure.gravatar.com\/avatar\/9c6f9b8465b965e8affa3bec0b793174662d4390e99a3857bd8cc937449932cc?s=96&d=mm&r=g"}}]}},"_links":{"self":[{"href":"https:\/\/www.objectifaune.fr\/index.php\/wp-json\/wp\/v2\/pages\/183","targetHints":{"allow":["GET"]}}],"collection":[{"href":"https:\/\/www.objectifaune.fr\/index.php\/wp-json\/wp\/v2\/pages"}],"about":[{"href":"https:\/\/www.objectifaune.fr\/index.php\/wp-json\/wp\/v2\/types\/page"}],"author":[{"embeddable":true,"href":"https:\/\/www.objectifaune.fr\/index.php\/wp-json\/wp\/v2\/users\/2"}],"replies":[{"embeddable":true,"href":"https:\/\/www.objectifaune.fr\/index.php\/wp-json\/wp\/v2\/comments?post=183"}],"version-history":[{"count":9,"href":"https:\/\/www.objectifaune.fr\/index.php\/wp-json\/wp\/v2\/pages\/183\/revisions"}],"predecessor-version":[{"id":979,"href":"https:\/\/www.objectifaune.fr\/index.php\/wp-json\/wp\/v2\/pages\/183\/revisions\/979"}],"wp:attachment":[{"href":"https:\/\/www.objectifaune.fr\/index.php\/wp-json\/wp\/v2\/media?parent=183"}],"curies":[{"name":"wp","href":"https:\/\/api.w.org\/{rel}","templated":true}]}}