{"id":1251,"date":"2026-04-08T10:22:49","date_gmt":"2026-04-08T08:22:49","guid":{"rendered":"https:\/\/www.objectifaune.fr\/?page_id=1251"},"modified":"2026-04-08T10:22:54","modified_gmt":"2026-04-08T08:22:54","slug":"oiseaux-des-marais","status":"publish","type":"page","link":"https:\/\/www.objectifaune.fr\/index.php\/oiseaux-des-marais\/","title":{"rendered":"Oiseaux des marais"},"content":{"rendered":"\n<p class=\"has-black-color has-very-light-gray-to-cyan-bluish-gray-gradient-background has-text-color has-background has-link-color wp-elements-2a12a8e46d9355cc8b101981f92f4a8b\">Oiseaux que l&rsquo;on rencontre dans les marais notamment les \u00e9chassiers avec l&rsquo;esp\u00e8ce embl\u00e9matique le Flamant rose<\/p>\n\n\n\n<div id=\"envira-gallery-wrap-1250\" class=\"envira-gallery-wrap envira-gallery-theme-base envira-lightbox-theme-base\" itemscope itemtype=\"https:\/\/schema.org\/ImageGallery\"><div data-row-height=\"150\" data-gallery-theme=\"normal\" id=\"envira-gallery-1250\" class=\"envira-gallery-public envira-gallery-justified-public envira-gallery-0-columns envira-clear enviratope envira-gallery-css-animations\" data-envira-columns=\"0\"><div id=\"envira-gallery-item-1249\" class=\"envira-gallery-item enviratope-item envira-gallery-item-1 envira-lazy-load\" style=\"padding-left: 5px; padding-bottom: 10px; padding-right: 5px;\"  itemscope itemtype=\"https:\/\/schema.org\/ImageObject\"><div class=\"envira-gallery-item-inner\"><div class=\"envira-gallery-position-overlay  envira-gallery-top-left\"><\/div><div class=\"envira-gallery-position-overlay  envira-gallery-top-right\"><\/div><div class=\"envira-gallery-position-overlay  envira-gallery-bottom-left\"><\/div><div class=\"envira-gallery-position-overlay  envira-gallery-bottom-right\"><\/div><a href=\"https:\/\/www.objectifaune.fr\/wp-content\/uploads\/2026\/04\/DSC_5078_DxO-scaled.jpg\" class=\"envira-gallery-1250 envira-gallery-link\" rel=\"enviragallery1250\" title=\"Flamant rose\" data-envira-caption=\"Flamant rose\" data-envira-retina=\"\" data-thumbnail=\"\"  itemprop=\"contentUrl\"><img decoding=\"async\" id=\"envira-gallery-image-1249\" class=\"envira-gallery-image envira-gallery-image-1 envira-normal envira-lazy\" data-envira-index=\"1\" src=\"https:\/\/www.objectifaune.fr\/wp-content\/uploads\/2026\/04\/DSC_5078_DxO-682x1024-640x480.jpg\" data-envira-src=\"https:\/\/www.objectifaune.fr\/wp-content\/uploads\/2026\/04\/DSC_5078_DxO-682x1024-640x480.jpg\" data-envira-gallery-id=\"1250\" data-envira-item-id=\"1249\" data-envira-caption=\"Flamant rose\" alt=\"Flamant rose dans une ambiance onirique\" title=\"Flamant rose\"  itemprop=\"thumbnailUrl\" data-envira-srcset=\"https:\/\/www.objectifaune.fr\/wp-content\/uploads\/2026\/04\/DSC_5078_DxO-682x1024-640x480.jpg 400w,https:\/\/www.objectifaune.fr\/wp-content\/uploads\/2026\/04\/DSC_5078_DxO-682x1024-640x480.jpg 2x\" data-envira-width=\"200\" data-envira-height=\"300\" srcset=\"data:image\/gif;base64,R0lGODlhAQABAIAAAP\/\/\/\/\/\/\/yH5BAEKAAEALAAAAAABAAEAAAICTAEAOw==\" data-safe-src=\"data:image\/gif;base64,R0lGODlhAQABAIAAAP\/\/\/\/\/\/\/yH5BAEKAAEALAAAAAABAAEAAAICTAEAOw==\" \/><\/a><\/div><\/div><div id=\"envira-gallery-item-1204\" class=\"envira-gallery-item enviratope-item envira-gallery-item-2 envira-lazy-load\" style=\"padding-left: 5px; padding-bottom: 10px; padding-right: 5px;\"  itemscope itemtype=\"https:\/\/schema.org\/ImageObject\"><div class=\"envira-gallery-item-inner\"><div class=\"envira-gallery-position-overlay  envira-gallery-top-left\"><\/div><div class=\"envira-gallery-position-overlay  envira-gallery-top-right\"><\/div><div class=\"envira-gallery-position-overlay  envira-gallery-bottom-left\"><\/div><div class=\"envira-gallery-position-overlay  envira-gallery-bottom-right\"><\/div><a href=\"https:\/\/www.objectifaune.fr\/wp-content\/uploads\/2026\/01\/DSC_9706_M_DxO_DxO-scaled.jpg\" class=\"envira-gallery-1250 envira-gallery-link\" rel=\"enviragallery1250\" title=\"DSC_9706_M_DxO_DxO\" data-envira-caption=\"DSC_9706_M_DxO_DxO\" data-envira-retina=\"\" data-thumbnail=\"\"  itemprop=\"contentUrl\"><img decoding=\"async\" id=\"envira-gallery-image-1204\" class=\"envira-gallery-image envira-gallery-image-2 envira-normal envira-lazy\" data-envira-index=\"2\" src=\"https:\/\/www.objectifaune.fr\/wp-content\/uploads\/2026\/01\/DSC_9706_M_DxO_DxO-1024x797-640x480.jpg\" data-envira-src=\"https:\/\/www.objectifaune.fr\/wp-content\/uploads\/2026\/01\/DSC_9706_M_DxO_DxO-1024x797-640x480.jpg\" data-envira-gallery-id=\"1250\" data-envira-item-id=\"1204\" data-envira-caption=\"DSC_9706_M_DxO_DxO\" alt=\"\" title=\"DSC_9706_M_DxO_DxO\"  itemprop=\"thumbnailUrl\" data-envira-srcset=\"https:\/\/www.objectifaune.fr\/wp-content\/uploads\/2026\/01\/DSC_9706_M_DxO_DxO-1024x797-640x480.jpg 400w,https:\/\/www.objectifaune.fr\/wp-content\/uploads\/2026\/01\/DSC_9706_M_DxO_DxO-1024x797-640x480.jpg 2x\" data-envira-width=\"300\" data-envira-height=\"234\" srcset=\"data:image\/gif;base64,R0lGODlhAQABAIAAAP\/\/\/\/\/\/\/yH5BAEKAAEALAAAAAABAAEAAAICTAEAOw==\" data-safe-src=\"data:image\/gif;base64,R0lGODlhAQABAIAAAP\/\/\/\/\/\/\/yH5BAEKAAEALAAAAAABAAEAAAICTAEAOw==\" \/><\/a><\/div><\/div><div id=\"envira-gallery-item-1248\" class=\"envira-gallery-item enviratope-item envira-gallery-item-3 envira-lazy-load\" style=\"padding-left: 5px; padding-bottom: 10px; padding-right: 5px;\"  itemscope itemtype=\"https:\/\/schema.org\/ImageObject\"><div class=\"envira-gallery-item-inner\"><div class=\"envira-gallery-position-overlay  envira-gallery-top-left\"><\/div><div class=\"envira-gallery-position-overlay  envira-gallery-top-right\"><\/div><div class=\"envira-gallery-position-overlay  envira-gallery-bottom-left\"><\/div><div class=\"envira-gallery-position-overlay  envira-gallery-bottom-right\"><\/div><a href=\"https:\/\/www.objectifaune.fr\/wp-content\/uploads\/2026\/04\/DSC_4989_DxO-scaled.jpg\" class=\"envira-gallery-1250 envira-gallery-link\" rel=\"enviragallery1250\" title=\"Aigrette garzette\" data-envira-caption=\"Aigrette garzette\" data-envira-retina=\"\" data-thumbnail=\"\"  itemprop=\"contentUrl\"><img decoding=\"async\" id=\"envira-gallery-image-1248\" class=\"envira-gallery-image envira-gallery-image-3 envira-normal envira-lazy\" data-envira-index=\"3\" src=\"https:\/\/www.objectifaune.fr\/wp-content\/uploads\/2026\/04\/DSC_4989_DxO-1024x821-640x480.jpg\" data-envira-src=\"https:\/\/www.objectifaune.fr\/wp-content\/uploads\/2026\/04\/DSC_4989_DxO-1024x821-640x480.jpg\" data-envira-gallery-id=\"1250\" data-envira-item-id=\"1248\" data-envira-caption=\"Aigrette garzette\" alt=\"Aigrette garzette en contraste\" title=\"Aigrette garzette\"  itemprop=\"thumbnailUrl\" data-envira-srcset=\"https:\/\/www.objectifaune.fr\/wp-content\/uploads\/2026\/04\/DSC_4989_DxO-1024x821-640x480.jpg 400w,https:\/\/www.objectifaune.fr\/wp-content\/uploads\/2026\/04\/DSC_4989_DxO-1024x821-640x480.jpg 2x\" data-envira-width=\"300\" data-envira-height=\"241\" srcset=\"data:image\/gif;base64,R0lGODlhAQABAIAAAP\/\/\/\/\/\/\/yH5BAEKAAEALAAAAAABAAEAAAICTAEAOw==\" data-safe-src=\"data:image\/gif;base64,R0lGODlhAQABAIAAAP\/\/\/\/\/\/\/yH5BAEKAAEALAAAAAABAAEAAAICTAEAOw==\" \/><\/a><\/div><\/div><div id=\"envira-gallery-item-1247\" class=\"envira-gallery-item enviratope-item envira-gallery-item-4 envira-lazy-load\" style=\"padding-left: 5px; padding-bottom: 10px; padding-right: 5px;\"  itemscope itemtype=\"https:\/\/schema.org\/ImageObject\"><div class=\"envira-gallery-item-inner\"><div class=\"envira-gallery-position-overlay  envira-gallery-top-left\"><\/div><div class=\"envira-gallery-position-overlay  envira-gallery-top-right\"><\/div><div class=\"envira-gallery-position-overlay  envira-gallery-bottom-left\"><\/div><div class=\"envira-gallery-position-overlay  envira-gallery-bottom-right\"><\/div><a href=\"https:\/\/www.objectifaune.fr\/wp-content\/uploads\/2026\/04\/DSC_5069_DxO-scaled.jpg\" class=\"envira-gallery-1250 envira-gallery-link\" rel=\"enviragallery1250\" title=\"Flamant rose\" data-envira-caption=\"Flamant rose\" data-envira-retina=\"\" data-thumbnail=\"\"  itemprop=\"contentUrl\"><img decoding=\"async\" id=\"envira-gallery-image-1247\" class=\"envira-gallery-image envira-gallery-image-4 envira-normal envira-lazy\" data-envira-index=\"4\" src=\"https:\/\/www.objectifaune.fr\/wp-content\/uploads\/2026\/04\/DSC_5069_DxO-1024x873-640x480.jpg\" data-envira-src=\"https:\/\/www.objectifaune.fr\/wp-content\/uploads\/2026\/04\/DSC_5069_DxO-1024x873-640x480.jpg\" data-envira-gallery-id=\"1250\" data-envira-item-id=\"1247\" data-envira-caption=\"Flamant rose\" alt=\"Flamant rose dans une ambiance low key\" title=\"Flamant rose\"  itemprop=\"thumbnailUrl\" data-envira-srcset=\"https:\/\/www.objectifaune.fr\/wp-content\/uploads\/2026\/04\/DSC_5069_DxO-1024x873-640x480.jpg 400w,https:\/\/www.objectifaune.fr\/wp-content\/uploads\/2026\/04\/DSC_5069_DxO-1024x873-640x480.jpg 2x\" data-envira-width=\"300\" data-envira-height=\"256\" srcset=\"data:image\/gif;base64,R0lGODlhAQABAIAAAP\/\/\/\/\/\/\/yH5BAEKAAEALAAAAAABAAEAAAICTAEAOw==\" data-safe-src=\"data:image\/gif;base64,R0lGODlhAQABAIAAAP\/\/\/\/\/\/\/yH5BAEKAAEALAAAAAABAAEAAAICTAEAOw==\" \/><\/a><\/div><\/div><div id=\"envira-gallery-item-1114\" class=\"envira-gallery-item enviratope-item envira-gallery-item-5 envira-lazy-load\" style=\"padding-left: 5px; padding-bottom: 10px; padding-right: 5px;\"  itemscope itemtype=\"https:\/\/schema.org\/ImageObject\"><div class=\"envira-gallery-item-inner\"><div class=\"envira-gallery-position-overlay  envira-gallery-top-left\"><\/div><div class=\"envira-gallery-position-overlay  envira-gallery-top-right\"><\/div><div class=\"envira-gallery-position-overlay  envira-gallery-bottom-left\"><\/div><div class=\"envira-gallery-position-overlay  envira-gallery-bottom-right\"><\/div><a href=\"https:\/\/www.objectifaune.fr\/wp-content\/uploads\/2025\/09\/DSC_9165_DxO-scaled.jpg\" class=\"envira-gallery-1250 envira-gallery-link\" rel=\"enviragallery1250\" title=\"Aigrette garzette\" data-envira-caption=\"Aigrette garzette\" data-envira-retina=\"\" data-thumbnail=\"\"  itemprop=\"contentUrl\"><img decoding=\"async\" id=\"envira-gallery-image-1114\" class=\"envira-gallery-image envira-gallery-image-5 envira-normal envira-lazy\" data-envira-index=\"5\" src=\"https:\/\/www.objectifaune.fr\/wp-content\/uploads\/2025\/09\/DSC_9165_DxO-1024x682-640x480.jpg\" data-envira-src=\"https:\/\/www.objectifaune.fr\/wp-content\/uploads\/2025\/09\/DSC_9165_DxO-1024x682-640x480.jpg\" data-envira-gallery-id=\"1250\" data-envira-item-id=\"1114\" data-envira-caption=\"Aigrette garzette\" alt=\"Aigrette garzette au lever du jour venant se percher.\" title=\"Aigrette garzette\"  itemprop=\"thumbnailUrl\" data-envira-srcset=\"https:\/\/www.objectifaune.fr\/wp-content\/uploads\/2025\/09\/DSC_9165_DxO-1024x682-640x480.jpg 400w,https:\/\/www.objectifaune.fr\/wp-content\/uploads\/2025\/09\/DSC_9165_DxO-1024x682-640x480.jpg 2x\" data-envira-width=\"300\" data-envira-height=\"200\" srcset=\"data:image\/gif;base64,R0lGODlhAQABAIAAAP\/\/\/\/\/\/\/yH5BAEKAAEALAAAAAABAAEAAAICTAEAOw==\" data-safe-src=\"data:image\/gif;base64,R0lGODlhAQABAIAAAP\/\/\/\/\/\/\/yH5BAEKAAEALAAAAAABAAEAAAICTAEAOw==\" \/><\/a><\/div><\/div><\/div><\/div><noscript><img decoding=\"async\" src=\"https:\/\/www.objectifaune.fr\/wp-content\/uploads\/2026\/04\/DSC_5078_DxO-scaled.jpg\" alt=\"Flamant rose dans une ambiance onirique\" \/><img decoding=\"async\" src=\"https:\/\/www.objectifaune.fr\/wp-content\/uploads\/2026\/01\/DSC_9706_M_DxO_DxO-scaled.jpg\" alt=\"\" \/><img decoding=\"async\" src=\"https:\/\/www.objectifaune.fr\/wp-content\/uploads\/2026\/04\/DSC_4989_DxO-scaled.jpg\" alt=\"Aigrette garzette en contraste\" \/><img decoding=\"async\" src=\"https:\/\/www.objectifaune.fr\/wp-content\/uploads\/2026\/04\/DSC_5069_DxO-scaled.jpg\" alt=\"Flamant rose dans une ambiance low key\" \/><img decoding=\"async\" src=\"https:\/\/www.objectifaune.fr\/wp-content\/uploads\/2025\/09\/DSC_9165_DxO-scaled.jpg\" alt=\"Aigrette garzette au lever du jour venant se percher.\" \/><\/noscript>\n","protected":false},"excerpt":{"rendered":"<p>Oiseaux que l&rsquo;on rencontre dans les marais notamment les \u00e9chassiers avec l&rsquo;esp\u00e8ce embl\u00e9matique le Flamant rose<\/p>\n","protected":false},"author":2,"featured_media":0,"parent":0,"menu_order":0,"comment_status":"closed","ping_status":"closed","template":"","meta":{"footnotes":""},"class_list":["post-1251","page","type-page","status-publish","hentry","entry"],"yoast_head":"<!-- This site is optimized with the Yoast SEO plugin v27.3 - https:\/\/yoast.com\/product\/yoast-seo-wordpress\/ -->\n<title>Oiseaux des marais - Un regard sur la nature<\/title>\n<meta name=\"description\" content=\"Oiseaux que l&#039;on rencontre dans les marais notamment les \u00e9chassiers avec l&#039;esp\u00e8ce embl\u00e9matique le Flamant rose\" \/>\n<meta name=\"robots\" content=\"index, follow, max-snippet:-1, max-image-preview:large, max-video-preview:-1\" \/>\n<link rel=\"canonical\" href=\"https:\/\/www.objectifaune.fr\/index.php\/oiseaux-des-marais\/\" \/>\n<meta property=\"og:locale\" content=\"fr_FR\" \/>\n<meta property=\"og:type\" content=\"article\" \/>\n<meta property=\"og:title\" content=\"Oiseaux des marais - Un regard sur la nature\" \/>\n<meta property=\"og:description\" content=\"Oiseaux que l&#039;on rencontre dans les marais notamment les \u00e9chassiers avec l&#039;esp\u00e8ce embl\u00e9matique le Flamant rose\" \/>\n<meta property=\"og:url\" content=\"https:\/\/www.objectifaune.fr\/index.php\/oiseaux-des-marais\/\" \/>\n<meta property=\"og:site_name\" content=\"Un regard sur la nature\" \/>\n<meta property=\"article:modified_time\" content=\"2026-04-08T08:22:54+00:00\" \/>\n<meta name=\"twitter:card\" content=\"summary_large_image\" \/>\n<meta name=\"twitter:label1\" content=\"Dur\u00e9e de lecture estim\u00e9e\" \/>\n\t<meta name=\"twitter:data1\" content=\"1 minute\" \/>\n<script type=\"application\/ld+json\" class=\"yoast-schema-graph\">{\"@context\":\"https:\\\/\\\/schema.org\",\"@graph\":[{\"@type\":\"WebPage\",\"@id\":\"https:\\\/\\\/www.objectifaune.fr\\\/index.php\\\/oiseaux-des-marais\\\/\",\"url\":\"https:\\\/\\\/www.objectifaune.fr\\\/index.php\\\/oiseaux-des-marais\\\/\",\"name\":\"Oiseaux des marais - Un regard sur la nature\",\"isPartOf\":{\"@id\":\"https:\\\/\\\/www.objectifaune.fr\\\/#website\"},\"datePublished\":\"2026-04-08T08:22:49+00:00\",\"dateModified\":\"2026-04-08T08:22:54+00:00\",\"description\":\"Oiseaux que l'on rencontre dans les marais notamment les \u00e9chassiers avec l'esp\u00e8ce embl\u00e9matique le Flamant rose\",\"breadcrumb\":{\"@id\":\"https:\\\/\\\/www.objectifaune.fr\\\/index.php\\\/oiseaux-des-marais\\\/#breadcrumb\"},\"inLanguage\":\"fr-FR\",\"potentialAction\":[{\"@type\":\"ReadAction\",\"target\":[\"https:\\\/\\\/www.objectifaune.fr\\\/index.php\\\/oiseaux-des-marais\\\/\"]}]},{\"@type\":\"BreadcrumbList\",\"@id\":\"https:\\\/\\\/www.objectifaune.fr\\\/index.php\\\/oiseaux-des-marais\\\/#breadcrumb\",\"itemListElement\":[{\"@type\":\"ListItem\",\"position\":1,\"name\":\"Accueil\",\"item\":\"https:\\\/\\\/www.objectifaune.fr\\\/\"},{\"@type\":\"ListItem\",\"position\":2,\"name\":\"Oiseaux des marais\"}]},{\"@type\":\"WebSite\",\"@id\":\"https:\\\/\\\/www.objectifaune.fr\\\/#website\",\"url\":\"https:\\\/\\\/www.objectifaune.fr\\\/\",\"name\":\"objectifaune\",\"description\":\"\",\"publisher\":{\"@id\":\"https:\\\/\\\/www.objectifaune.fr\\\/#\\\/schema\\\/person\\\/bbdca95880e44b4c023a82443e3ff23e\"},\"potentialAction\":[{\"@type\":\"SearchAction\",\"target\":{\"@type\":\"EntryPoint\",\"urlTemplate\":\"https:\\\/\\\/www.objectifaune.fr\\\/?s={search_term_string}\"},\"query-input\":{\"@type\":\"PropertyValueSpecification\",\"valueRequired\":true,\"valueName\":\"search_term_string\"}}],\"inLanguage\":\"fr-FR\"},{\"@type\":[\"Person\",\"Organization\"],\"@id\":\"https:\\\/\\\/www.objectifaune.fr\\\/#\\\/schema\\\/person\\\/bbdca95880e44b4c023a82443e3ff23e\",\"name\":\"christophe\",\"image\":{\"@type\":\"ImageObject\",\"inLanguage\":\"fr-FR\",\"@id\":\"https:\\\/\\\/secure.gravatar.com\\\/avatar\\\/9c6f9b8465b965e8affa3bec0b793174662d4390e99a3857bd8cc937449932cc?s=96&d=mm&r=g\",\"url\":\"https:\\\/\\\/secure.gravatar.com\\\/avatar\\\/9c6f9b8465b965e8affa3bec0b793174662d4390e99a3857bd8cc937449932cc?s=96&d=mm&r=g\",\"contentUrl\":\"https:\\\/\\\/secure.gravatar.com\\\/avatar\\\/9c6f9b8465b965e8affa3bec0b793174662d4390e99a3857bd8cc937449932cc?s=96&d=mm&r=g\",\"caption\":\"christophe\"},\"logo\":{\"@id\":\"https:\\\/\\\/secure.gravatar.com\\\/avatar\\\/9c6f9b8465b965e8affa3bec0b793174662d4390e99a3857bd8cc937449932cc?s=96&d=mm&r=g\"}}]}<\/script>\n<!-- \/ Yoast SEO plugin. -->","yoast_head_json":{"title":"Oiseaux des marais - Un regard sur la nature","description":"Oiseaux que l'on rencontre dans les marais notamment les \u00e9chassiers avec l'esp\u00e8ce embl\u00e9matique le Flamant rose","robots":{"index":"index","follow":"follow","max-snippet":"max-snippet:-1","max-image-preview":"max-image-preview:large","max-video-preview":"max-video-preview:-1"},"canonical":"https:\/\/www.objectifaune.fr\/index.php\/oiseaux-des-marais\/","og_locale":"fr_FR","og_type":"article","og_title":"Oiseaux des marais - Un regard sur la nature","og_description":"Oiseaux que l'on rencontre dans les marais notamment les \u00e9chassiers avec l'esp\u00e8ce embl\u00e9matique le Flamant rose","og_url":"https:\/\/www.objectifaune.fr\/index.php\/oiseaux-des-marais\/","og_site_name":"Un regard sur la nature","article_modified_time":"2026-04-08T08:22:54+00:00","twitter_card":"summary_large_image","twitter_misc":{"Dur\u00e9e de lecture estim\u00e9e":"1 minute"},"schema":{"@context":"https:\/\/schema.org","@graph":[{"@type":"WebPage","@id":"https:\/\/www.objectifaune.fr\/index.php\/oiseaux-des-marais\/","url":"https:\/\/www.objectifaune.fr\/index.php\/oiseaux-des-marais\/","name":"Oiseaux des marais - Un regard sur la nature","isPartOf":{"@id":"https:\/\/www.objectifaune.fr\/#website"},"datePublished":"2026-04-08T08:22:49+00:00","dateModified":"2026-04-08T08:22:54+00:00","description":"Oiseaux que l'on rencontre dans les marais notamment les \u00e9chassiers avec l'esp\u00e8ce embl\u00e9matique le Flamant rose","breadcrumb":{"@id":"https:\/\/www.objectifaune.fr\/index.php\/oiseaux-des-marais\/#breadcrumb"},"inLanguage":"fr-FR","potentialAction":[{"@type":"ReadAction","target":["https:\/\/www.objectifaune.fr\/index.php\/oiseaux-des-marais\/"]}]},{"@type":"BreadcrumbList","@id":"https:\/\/www.objectifaune.fr\/index.php\/oiseaux-des-marais\/#breadcrumb","itemListElement":[{"@type":"ListItem","position":1,"name":"Accueil","item":"https:\/\/www.objectifaune.fr\/"},{"@type":"ListItem","position":2,"name":"Oiseaux des marais"}]},{"@type":"WebSite","@id":"https:\/\/www.objectifaune.fr\/#website","url":"https:\/\/www.objectifaune.fr\/","name":"objectifaune","description":"","publisher":{"@id":"https:\/\/www.objectifaune.fr\/#\/schema\/person\/bbdca95880e44b4c023a82443e3ff23e"},"potentialAction":[{"@type":"SearchAction","target":{"@type":"EntryPoint","urlTemplate":"https:\/\/www.objectifaune.fr\/?s={search_term_string}"},"query-input":{"@type":"PropertyValueSpecification","valueRequired":true,"valueName":"search_term_string"}}],"inLanguage":"fr-FR"},{"@type":["Person","Organization"],"@id":"https:\/\/www.objectifaune.fr\/#\/schema\/person\/bbdca95880e44b4c023a82443e3ff23e","name":"christophe","image":{"@type":"ImageObject","inLanguage":"fr-FR","@id":"https:\/\/secure.gravatar.com\/avatar\/9c6f9b8465b965e8affa3bec0b793174662d4390e99a3857bd8cc937449932cc?s=96&d=mm&r=g","url":"https:\/\/secure.gravatar.com\/avatar\/9c6f9b8465b965e8affa3bec0b793174662d4390e99a3857bd8cc937449932cc?s=96&d=mm&r=g","contentUrl":"https:\/\/secure.gravatar.com\/avatar\/9c6f9b8465b965e8affa3bec0b793174662d4390e99a3857bd8cc937449932cc?s=96&d=mm&r=g","caption":"christophe"},"logo":{"@id":"https:\/\/secure.gravatar.com\/avatar\/9c6f9b8465b965e8affa3bec0b793174662d4390e99a3857bd8cc937449932cc?s=96&d=mm&r=g"}}]}},"_links":{"self":[{"href":"https:\/\/www.objectifaune.fr\/index.php\/wp-json\/wp\/v2\/pages\/1251","targetHints":{"allow":["GET"]}}],"collection":[{"href":"https:\/\/www.objectifaune.fr\/index.php\/wp-json\/wp\/v2\/pages"}],"about":[{"href":"https:\/\/www.objectifaune.fr\/index.php\/wp-json\/wp\/v2\/types\/page"}],"author":[{"embeddable":true,"href":"https:\/\/www.objectifaune.fr\/index.php\/wp-json\/wp\/v2\/users\/2"}],"replies":[{"embeddable":true,"href":"https:\/\/www.objectifaune.fr\/index.php\/wp-json\/wp\/v2\/comments?post=1251"}],"version-history":[{"count":1,"href":"https:\/\/www.objectifaune.fr\/index.php\/wp-json\/wp\/v2\/pages\/1251\/revisions"}],"predecessor-version":[{"id":1253,"href":"https:\/\/www.objectifaune.fr\/index.php\/wp-json\/wp\/v2\/pages\/1251\/revisions\/1253"}],"wp:attachment":[{"href":"https:\/\/www.objectifaune.fr\/index.php\/wp-json\/wp\/v2\/media?parent=1251"}],"curies":[{"name":"wp","href":"https:\/\/api.w.org\/{rel}","templated":true}]}}